{"id":73,"date":"2023-03-27T09:44:46","date_gmt":"2023-03-27T07:44:46","guid":{"rendered":"https:\/\/alyseaproprete.fr\/?page_id=73"},"modified":"2023-04-18T12:44:07","modified_gmt":"2023-04-18T10:44:07","slug":"contact","status":"publish","type":"page","link":"https:\/\/alyseaproprete.fr\/index.php\/contact\/","title":{"rendered":"Contact"},"content":{"rendered":"<style>\/*! elementor - v3.12.1 - 02-04-2023 *\/\n.elementor-heading-title{padding:0;margin:0;line-height:1}.elementor-widget-heading .elementor-heading-title[class*=elementor-size-]>a{color:inherit;font-size:inherit;line-height:inherit}.elementor-widget-heading .elementor-heading-title.elementor-size-small{font-size:15px}.elementor-widget-heading .elementor-heading-title.elementor-size-medium{font-size:19px}.elementor-widget-heading .elementor-heading-title.elementor-size-large{font-size:29px}.elementor-widget-heading .elementor-heading-title.elementor-size-xl{font-size:39px}.elementor-widget-heading .elementor-heading-title.elementor-size-xxl{font-size:59px}<\/style>\n<h2>Contactez &#8211; nous<\/h2>\n<style>\/*! elementor - v3.12.1 - 02-04-2023 *\/\n.elementor-widget-image{text-align:center}.elementor-widget-image a{display:inline-block}.elementor-widget-image a img[src$=\".svg\"]{width:48px}.elementor-widget-image img{vertical-align:middle;display:inline-block}<\/style>\n<p>\t\t\t\t\t\t\t\t\t\t\t\t<img decoding=\"async\" width=\"761\" height=\"48\" src=\"http:\/\/alyseaproprete.fr\/wp-content\/uploads\/2023\/04\/pointille.png\" alt=\"\" loading=\"lazy\" srcset=\"https:\/\/alyseaproprete.fr\/wp-content\/uploads\/2023\/04\/pointille.png 761w, https:\/\/alyseaproprete.fr\/wp-content\/uploads\/2023\/04\/pointille-300x19.png 300w\" sizes=\"(max-width: 761px) 100vw, 761px\" \/><br \/>\n\t\tUne \u00e9quipe de qualit\u00e9  L&#8217;expertise Alyzea pour les Professionnels<br \/>\n        <img decoding=\"async\" src=\"https:\/\/alyseacours.fr\/wp-content\/uploads\/2022\/08\/tel.png\"><\/p>\n<h4 id=\"myBtnTitle1\">Je me fais<br \/> rappeler<\/h4>\n<p>        <img decoding=\"async\" src=\"https:\/\/alyseacours.fr\/wp-content\/uploads\/2022\/08\/mail.png\"><\/p>\n<h4 id=\"myBtnTitle2\">J&#8217;envoie un<br \/> message<\/h4>\n<p>        <img decoding=\"async\" src=\"https:\/\/alyseacours.fr\/wp-content\/uploads\/2022\/08\/mess.png\"><\/p>\n<h4 id=\"myBtnTitle3\">Service client<\/h4>\n<h4>Le rappel sera r\u00e9alis\u00e9 pendant les heures d&#8217;ouverture de l&#8217;agence.<\/h4>\n<form name=\"rappel-form\" id=\"rappel-form\">\n            <label for=\"parent\"><input type=\"radio\" id=\"parent\" name=\"profil\" value=\"parent\" checked>Je suis parent<\/label><br \/>\n            <label for=\"eleve\"><input type=\"radio\" id=\"eleve\" name=\"profil\" value=\"eleve\" checked>Je suis \u00e9l\u00e9ve<\/label><br \/>\n            <label for=\"nounou\"><input type=\"radio\" id=\"nounou\" name=\"profil\" value=\"nounou\">Je suis professeur<\/label><br \/>\n            <label for=\"autre\"><input type=\"radio\" id=\"autre\" name=\"profil\" value=\"autre\">Autre<\/label><br \/>\n                <input type=\"text\" id=\"nom\" name=\"nom\" placeholder=\"Nom\" required><br \/>\n                <input type=\"tel\" id=\"tel\" name=\"tel\" placeholder=\"T\u00e9l\u00e9phone\" required><br \/>\n                <input type=\"email\" id=\"email\" name=\"email\" placeholder=\"Mail\" required><br \/>\n                <input type=\"text\" id=\"ville\" name=\"ville\" placeholder=\"Code postale\" required><br \/>\n                <label for=\"msg\">Votre message<\/label><br \/>\n                <textarea rows=\"5\" cols=\"33\" placeholder=\"Pr\u00e9f\u00e9rences horaires ou pr\u00e9cisions ?\" id=\"msg\" name=\"msg\"><\/textarea><br \/>\n            <label for=\"consent\"><input type=\"checkbox\" id=\"consent\" name=\"consent\" checked>Je consens \u00e0 transmettre ce formulaire \u00e0 Alys\u00e9a Propret\u00e9 afin de me faire rappeler.<\/label><br \/>\n            <input type=\"submit\" value=\"Rappelez-moi\"><br \/>\n    <\/form>\n<h4>La r\u00e9ponse sera r\u00e9alis\u00e9e pendant les heures d&#8217;ouverture de l&#8217;agence.<\/h4>\n<form name=\"message-form\" id=\"message-form\">\n            <label for=\"parent\"><input type=\"radio\" id=\"parent\" name=\"profil\" value=\"parent\" checked>Je suis parent<\/label><br \/>\n            <label for=\"eleve\"><input type=\"radio\" id=\"eleve\" name=\"profil\" value=\"eleve\">Je suis \u00e9l\u00e9ve<\/label><br \/>\n            <label for=\"nounou\"><input type=\"radio\" id=\"nounou\" name=\"profil\" value=\"nounou\">Je suis professeur<\/label><br \/>\n            <label for=\"autre\"><input type=\"radio\" id=\"autre\" name=\"profil\" value=\"autre\">Autre<\/label><br \/>\n                    <input type=\"text\" id=\"nom\" name=\"nom\" placeholder=\"Nom\" required><br \/>\n                    <input type=\"text\" id=\"prenom\" name=\"prenom\" placeholder=\"Pr\u00e9nom\" required><br \/>\n                <input type=\"tel\" id=\"tel\" name=\"tel\" placeholder=\"T\u00e9l\u00e9phone\" required><br \/>\n                <input type=\"email\" id=\"mail\" name=\"mail\" placeholder=\"Adresse Email\" required><br \/>\n                <input type=\"text\" id=\"ville\" name=\"ville\" placeholder=\"Code postale\" required><br \/>\n                <label for=\"msg\">Votre message<\/label><br \/>\n                <textarea rows=\"7\" cols=\"33\" placeholder=\"Quel est votre besoin ?\" id=\"msg\" name=\"msg\"><\/textarea><br \/>\n            <label for=\"consent\"><input type=\"checkbox\" id=\"consent\" name=\"consent\" checked>Je consens \u00e0 transmettre ce formulaire \u00e0 Alys\u00e9a Propret\u00e9 afin de me faire rappeler.<\/label><br \/>\n            <input type=\"submit\" value=\"Rappelez-moi\"><br \/>\n    <\/form>\n<h4>Nos coordonn\u00e9es<\/h4>\n<p>                    <img decoding=\"async\" src=\"http:\/\/alyseaproprete.fr\/wp-content\/uploads\/2023\/04\/icon_tel.png\"><\/p>\n<p>04 93 36 05 41<\/p>\n<p>                    <img decoding=\"async\" src=\"http:\/\/alyseaproprete.fr\/wp-content\/uploads\/2023\/04\/icon_mail.png\"><\/p>\n<p>contact@alyseaproprete.fr<\/p>\n<p>                    <img decoding=\"async\" src=\"http:\/\/alyseaproprete.fr\/wp-content\/uploads\/2023\/04\/icon_destination.png\"><\/p>\n<p>25 Bd Emmanuel Rouquier, 06130 Grasse<\/p>\n<h4>Nos r\u00e9seaux<\/h4>\n<p>                <a href=\"#\"><br \/>\n                    <img decoding=\"async\" src=\"http:\/\/alyseaproprete.fr\/wp-content\/uploads\/2023\/04\/logo_insta.png\"><br \/>\n                <\/a><br \/>\n                <a href=\"#\"><br \/>\n                    <img decoding=\"async\" src=\"http:\/\/alyseaproprete.fr\/wp-content\/uploads\/2023\/04\/logo_fb.png\"><br \/>\n                <\/a><br \/>\n                <a href=\"#\"><br \/>\n                    <img decoding=\"async\" src=\"http:\/\/alyseaproprete.fr\/wp-content\/uploads\/2023\/04\/logo_in.png\"><br \/>\n                <\/a><\/p>\n<style>.elementor-accordion{text-align:left}.elementor-accordion .elementor-accordion-item{border:1px solid #d5d8dc}.elementor-accordion .elementor-accordion-item+.elementor-accordion-item{border-top:none}.elementor-accordion .elementor-tab-title{margin:0;padding:15px 20px;font-weight:700;line-height:1;cursor:pointer;outline:none}.elementor-accordion .elementor-tab-title .elementor-accordion-icon{display:inline-block;width:1.5em}.elementor-accordion .elementor-tab-title .elementor-accordion-icon svg{width:1em;height:1em}.elementor-accordion .elementor-tab-title .elementor-accordion-icon.elementor-accordion-icon-right{float:right;text-align:right}.elementor-accordion .elementor-tab-title .elementor-accordion-icon.elementor-accordion-icon-left{float:left;text-align:left}.elementor-accordion .elementor-tab-title .elementor-accordion-icon .elementor-accordion-icon-closed{display:block}.elementor-accordion .elementor-tab-title .elementor-accordion-icon .elementor-accordion-icon-opened,.elementor-accordion .elementor-tab-title.elementor-active .elementor-accordion-icon-closed{display:none}.elementor-accordion .elementor-tab-title.elementor-active .elementor-accordion-icon-opened{display:block}.elementor-accordion .elementor-tab-content{display:none;padding:15px 20px;border-top:1px solid #d5d8dc}@media (max-width:767px){.elementor-accordion .elementor-tab-title{padding:12px 15px}.elementor-accordion .elementor-tab-title .elementor-accordion-icon{width:1.2em}.elementor-accordion .elementor-tab-content{padding:7px 15px}}.e-con-inner>.elementor-widget-accordion,.e-con>.elementor-widget-accordion{width:var(--container-widget-width);--flex-grow:var(--container-widget-flex-grow)}<\/style>\n<p>\t\t\t\t\t\t\t\t\t\t\t\t<a href=\"\">Je me fais rappeler<\/a><\/p>\n<h4>Le rappel sera r\u00e9alis\u00e9 pendant les heures d&rsquo;ouverture de l&rsquo;agence.<\/h4>\n<form id=\"mob-rappel-form\" name=\"mob-rappel-form\">\n<input id=\"nom\" name=\"nom\" required=\"\" type=\"text\" placeholder=\"Nom\" \/><br \/>\n<input id=\"tel\" name=\"tel\" required=\"\" type=\"tel\" placeholder=\"T\u00e9l\u00e9phone\" \/><br \/>\n<input id=\"mail\" name=\"mail\" required=\"\" type=\"email\" placeholder=\"Adresse Email\" \/><input id=\"cp\" name=\"cp\" required=\"\" type=\"text\" placeholder=\"Code postale\" \/><label for=\"msg\">Votre message<\/label><br \/>\n<textarea id=\"msg\" cols=\"33\" name=\"msg\" rows=\"5\" placeholder=\"Pr\u00e9f\u00e9rences horaires ou pr\u00e9cisions ?\"><\/textarea><br \/>\n<label for=\"consent\"><input id=\"consent\" checked=\"checked\" name=\"consent\" type=\"checkbox\" \/>Je consens \u00e0 transmettre ce formulaire \u00e0 Alys\u00e9a Propret\u00e9 afin de me faire rappeler.<\/label><br \/>\n<input type=\"submit\" value=\"Rappelez-moi\" \/><br \/>\n<\/form>\n<p>\t\t\t\t\t\t\t\t\t\t\t\t<a href=\"\">J&#8217;envoie un message<\/a><\/p>\n<h4>La r\u00e9ponse sera r\u00e9alis\u00e9e pendant les heures d&rsquo;ouverture de l&rsquo;agence.<\/h4>\n<form id=\"mob-message-form\" name=\"mob-message-form\">\n<input id=\"nom\" name=\"nom\" required=\"\" type=\"text\" placeholder=\"Nom\" \/><br \/>\n<input id=\"prenom\" name=\"prenom\" required=\"\" type=\"text\" placeholder=\"Pr\u00e9nom\" \/><br \/>\n<input id=\"tel\" name=\"tel\" required=\"\" type=\"tel\" placeholder=\"T\u00e9l\u00e9phone\" \/><br \/>\n<input id=\"mail\" name=\"mail\" required=\"\" type=\"email\" placeholder=\"Adresse Email\" \/><input id=\"cp\" name=\"cp\" required=\"\" type=\"text\" placeholder=\"Code postale\" \/><br \/>\n<label for=\"msg\">Votre message<\/label><br \/>\n<textarea id=\"msg\" cols=\"33\" name=\"msg\" rows=\"7\" placeholder=\"Quel est votre besoin ?\"><\/textarea><br \/>\n<label for=\"consent\"><input id=\"consent\" checked=\"checked\" name=\"consent\" type=\"checkbox\" \/>Je consens \u00e0 transmettre ce formulaire \u00e0 Alys\u00e9a Propret\u00e9 afin de me faire rappeler.<\/label><br \/>\n<input type=\"submit\" value=\"Rappelez-moi\" \/><br \/>\n<\/form>\n<p>\t\t\t\t\t\t\t\t\t\t\t\t<a href=\"\">Service client<\/a><br \/>\n\t\t\t\t\t<\/h4>\n<h4>Nos coordonn\u00e9es<\/h4>\n<p><img decoding=\"async\" src=\"https:\/\/nannynousgarde.fr\/wp-content\/uploads\/2022\/03\/oiuytre.png\" \/><\/p>\n<p>04 93 36 05 41<\/p>\n<p><img decoding=\"async\" src=\"https:\/\/nannynousgarde.fr\/wp-content\/uploads\/2022\/03\/qsdf.png\" \/><\/p>\n<p>contact@alyseaproprete.fr<\/p>\n<p><img decoding=\"async\" src=\"https:\/\/nannynousgarde.fr\/wp-content\/uploads\/2022\/03\/rtyui.png\" \/><\/p>\n<p>25 Bd Emmanuel Rouquier, 06130 Grasse<\/p>\n<h4>Nos r\u00e9seaux<\/h4>\n<p><a href=\"https:\/\/www.facebook.com\/\"><br \/>\n<img decoding=\"async\" src=\"https:\/\/nannynousgarde.fr\/wp-content\/uploads\/2022\/03\/logo4.png\" \/><br \/>\n<\/a><a href=\"https:\/\/www.linkedin.com\/\"><br \/>\n<img decoding=\"async\" src=\"https:\/\/nannynousgarde.fr\/wp-content\/uploads\/2022\/03\/logo5.png\" \/><br \/>\n<\/a><a href=\"https:\/\/www.instagram.com\/\"><br \/>\n<img decoding=\"async\" src=\"https:\/\/nannynousgarde.fr\/wp-content\/uploads\/2022\/03\/logo6.png\" \/><br \/>\n<\/a><\/p>\n","protected":false},"excerpt":{"rendered":"<p>Contactez &#8211; nous Une \u00e9quipe de qualit\u00e9 L&#8217;expertise Alyzea pour les Professionnels Je me fais rappeler J&#8217;envoie un message Service client Le rappel sera r\u00e9alis\u00e9 pendant les heures d&#8217;ouverture de l&#8217;agence. Je suis parent Je suis \u00e9l\u00e9ve Je suis professeur Autre Votre message Je consens \u00e0 transmettre ce formulaire \u00e0 Alys\u00e9a Propret\u00e9 afin de me [&hellip;]<\/p>\n","protected":false},"author":1,"featured_media":0,"parent":0,"menu_order":0,"comment_status":"closed","ping_status":"closed","template":"","meta":[],"acf":[],"_links":{"self":[{"href":"https:\/\/alyseaproprete.fr\/index.php\/wp-json\/wp\/v2\/pages\/73"}],"collection":[{"href":"https:\/\/alyseaproprete.fr\/index.php\/wp-json\/wp\/v2\/pages"}],"about":[{"href":"https:\/\/alyseaproprete.fr\/index.php\/wp-json\/wp\/v2\/types\/page"}],"author":[{"embeddable":true,"href":"https:\/\/alyseaproprete.fr\/index.php\/wp-json\/wp\/v2\/users\/1"}],"replies":[{"embeddable":true,"href":"https:\/\/alyseaproprete.fr\/index.php\/wp-json\/wp\/v2\/comments?post=73"}],"version-history":[{"count":226,"href":"https:\/\/alyseaproprete.fr\/index.php\/wp-json\/wp\/v2\/pages\/73\/revisions"}],"predecessor-version":[{"id":3887,"href":"https:\/\/alyseaproprete.fr\/index.php\/wp-json\/wp\/v2\/pages\/73\/revisions\/3887"}],"wp:attachment":[{"href":"https:\/\/alyseaproprete.fr\/index.php\/wp-json\/wp\/v2\/media?parent=73"}],"curies":[{"name":"wp","href":"https:\/\/api.w.org\/{rel}","templated":true}]}}